{"id":122,"date":"2015-11-15T18:47:50","date_gmt":"2015-11-15T18:47:50","guid":{"rendered":"http:\/\/boletspetras.com\/?page_id=122"},"modified":"2019-11-06T14:45:55","modified_gmt":"2019-11-06T14:45:55","slug":"nuestros-productos","status":"publish","type":"page","link":"\/ca\/nuestros-productos\/","title":{"rendered":"Productes"},"content":{"rendered":"<p><div class='bp-block '><p>Tres gammes de bolets que ofereixen un gran assortiment de varietats amb diferents presentacions i elaboracions, amb tota la garantia Petr\u00e0s.<\/p><\/div><\/p>\n<div class='bp-block '><img class='bp-banner' src='\/wp-content\/uploads\/2016\/06\/setas-hd.jpg' \/><\/div><\/a>\n<div class='bp-block'><div class='row'><\/p>\n<p>\n\t\t<div class='c4'>\n\t\t\t<div class='product-item product-item-vertical '>\n\t\t\t\t<h2 class='text-center'>Frescos<\/h2>\n\t\t\t\t<p class='text-center'>En formats que van dels 100 grams als 3 quilos, els oferim la millor selecci\u00f3 de bolets salvatges i cultivats.<\/p>\n<p><\/p>\n\t\t\t\t<img src='\/wp-content\/uploads\/2016\/02\/FRESKOSnew.jpg' \/>\n\t\t\t<\/div>\n\t\t<\/div><\/p>\n<p>\n\t\t<div class='c4'>\n\t\t\t<div class='product-item product-item-vertical '>\n\t\t\t\t<h2 class='text-center'>Secs<\/h2>\n\t\t\t\t<p class='text-center'>Una gran varietat de productes en m\u00faltiples formats i expositors, per adaptar-nos a totes les necessitats.<\/p>\n\t\t\t\t<img src='\/wp-content\/uploads\/2016\/02\/SEKOSnew.jpg' \/>\n\t\t\t<\/div>\n\t\t<\/div><\/p>\n<p>\n\t\t<div class='c4'>\n\t\t\t<div class='product-item product-item-vertical '>\n\t\t\t\t<h2 class='text-center'>Congelats<\/h2>\n\t\t\t\t<p class='text-center'>Presentats en caixes de 250 grams a 2 quilos, amb innovadores t\u00e8cniques d\u2019envasament.<\/p>\n<p><\/p>\n\t\t\t\t<img src='\/wp-content\/uploads\/2016\/02\/KONGELETInew.jpg' \/>\n\t\t\t<\/div>\n\t\t<\/div><\/p>\n<p><\/div><\/div>\n<div class='bp-block'><div class='row'><div class='c8'><h2 style='font:2em \"Josefin Sans\"; text-align: left; padding-left:0;'>I recorda que...<\/h2><p style='text-align: left;'>Podem fer realitat qualsevol projecte sobre bolets i oferir solucions a mida.<\/p><\/div><div class='c4'><img src='\/wp-content\/uploads\/2016\/02\/recuerda-3.png' style='width:100%' \/><\/div><\/div><\/div>\n<p><a href='https:\/\/www.boletspetras.com\/contacto'><div class='bp-block '><h2 class='bp-brown-header'>Contacta amb nosaltres T. +34 93 778 76 78<\/h2><img class='bp-banner' src='\/wp-content\/uploads\/2016\/07\/map.jpg' \/><\/div><\/a><!--Contacta--><\/p>\n<p><div class='bp-block '><h2>Volem saber sobre tu<\/h2><p>Ens interessa con\u00e8ixer la teva opini\u00f3. I tamb\u00e9 con\u00e8ixer els teus projectes, preguntes, suggeriments i tot el que puguem compartir sobre el m\u00f3n dels bolets.<\/p><\/div><a href='https:\/\/www.boletspetras.com\/contacto'><div class='bp-block '><h2 class='bp-brown-header'>Contacta amb nosaltres T. +34 93 778 76 78<\/h2><img class='bp-banner' src='\/wp-content\/uploads\/2016\/07\/map.jpg' \/><\/div><\/a><!--Contacta--><\/p>\n<p><div class='bp-block '><h2>Queremos saber de ti<\/h2><p>Nos interesa conocer tu opini\u00f3n. Y tambi\u00e9n conocer tus proyectos, preguntas, sugerencias y todo lo que podamos compartir sobre el mundo de las setas.<\/p><\/div><a href='https:\/\/www.boletspetras.com\/contacto'><div class='bp-block '><h2 class='bp-brown-header'>Contacta amb nosaltres T. +34 93 778 76 78<\/h2><img class='bp-banner' src='\/wp-content\/uploads\/2016\/07\/map.jpg' \/><\/div><\/a><!--Contacta--><\/p>\n<p><div class='bp-block '><h2>We want to know about you<\/h2><p>We are interested in knowing your opinion. And we would also like to know your projects, questions, suggestions and anything we could share about the world of mushrooms.<\/p><\/div><\/p>","protected":false},"excerpt":{"rendered":"<p><p>Tres gammes de bolets que ofereixen un gran assortiment de varietats amb diferents presentacions i elaboracions, amb tota la garantia Petr\u00e0s.<\/p>\n<\/p>\n<p><\/a>\n<\/p>\n<p>\t\t\t\tFrescos<\/p>\n<p class='text-center'>En formats que van dels 100 grams als 3 quilos, els oferim la millor selecci\u00f3 de bolets salvatges i cultivats.<\/p>\n<\/p>\n<p>\t\t\t\tSecs<\/p>\n<p class='text-center'>Una gran varietat de productes en m\u00faltiples formats i expositors, per adaptar-nos a totes les necessitats.<\/p>\n<\/p>\n<p>\t\t\t\tCongelats<\/p>\n<p class='text-center'>Presentats en caixes de 250 grams a 2 &#8230;<\/p>\n","protected":false},"author":2,"featured_media":0,"parent":0,"menu_order":0,"comment_status":"closed","ping_status":"closed","template":"","meta":[],"_links":{"self":[{"href":"\/ca\/wp-json\/wp\/v2\/pages\/122"}],"collection":[{"href":"\/ca\/wp-json\/wp\/v2\/pages"}],"about":[{"href":"\/ca\/wp-json\/wp\/v2\/types\/page"}],"author":[{"embeddable":true,"href":"\/ca\/wp-json\/wp\/v2\/users\/2"}],"replies":[{"embeddable":true,"href":"\/ca\/wp-json\/wp\/v2\/comments?post=122"}],"version-history":[{"count":37,"href":"\/ca\/wp-json\/wp\/v2\/pages\/122\/revisions"}],"predecessor-version":[{"id":654,"href":"\/ca\/wp-json\/wp\/v2\/pages\/122\/revisions\/654"}],"wp:attachment":[{"href":"\/ca\/wp-json\/wp\/v2\/media?parent=122"}],"curies":[{"name":"wp","href":"https:\/\/api.w.org\/{rel}","templated":true}]}}