{"id":8,"date":"2015-10-28T12:13:21","date_gmt":"2015-10-28T12:13:21","guid":{"rendered":"http:\/\/boletspetras.com\/?page_id=8"},"modified":"2019-11-06T14:50:06","modified_gmt":"2019-11-06T14:50:06","slug":"home","status":"publish","type":"page","link":"\/ca\/","title":{"rendered":"Benvinguts a Petr\u00e0s"},"content":{"rendered":"<p>[rev_slider home_ca]<\/p>\n<div class='bp-block margin-top'><p>Des de fa m\u00e9s de 50 anys, el nostre treball diari s\u00f3n els bolets. Explorem, cultivem I viatgem a la cerca de les millors varietats per tal d\u2019adaptar-nos a les exigents necessitats dels nostres clients i consumidors. Benvinguts al m\u00f3n Petr\u00e0s.<\/p><\/div>\n<a href='https:\/\/www.boletspetras.com\/petras-profesional'><div class='bp-block '><h2 class='bp-brown-header'>Professional<\/h2><img class='bp-banner' src='\/wp-content\/uploads\/2016\/05\/ESTRECHAR_77.jpg' \/><\/div><\/a>\n<div class='bp-block '><h2>Volem fer negocis amb tu<\/h2><p>Ens encanten els nous reptes i estem preparats per trovar les solucions que necessites pel teu negoci.<\/p><\/div>\n<a href='https:\/\/www.boletspetras.com\/nuestros-productos'><div class='bp-block '><h2 class='bp-brown-header'>Productes<\/h2><img class='bp-banner' src='\/wp-content\/uploads\/2016\/06\/setas-hd.jpg' \/><\/div><\/a>\n<div class='bp-block '><p>Tres gammes de bolets que ofereixen un gran assortiment de varietats amb diferents presentacions i elaboracions, amb tota la garantia Petr\u00e0s.<\/p><\/div>\n<div class='bp-block'><div class='row'><\/p>\n<p>\n\t\t<div class='c4'>\n\t\t\t<div class='product-item product-item-vertical '>\n\t\t\t\t<h2 class='text-center'>Frescos<\/h2>\n\t\t\t\t<p class='text-center'>En formats que van dels 100 grams als 3 quilos, els oferim la millor selecci\u00f3 de bolets salvatges i cultivats.<br \/>\n<\/p>\n\t\t\t\t<img src='\/wp-content\/uploads\/2016\/02\/FRESKOSnew.jpg' \/>\n\t\t\t<\/div>\n\t\t<\/div><\/p>\n<p>\n\t\t<div class='c4'>\n\t\t\t<div class='product-item product-item-vertical '>\n\t\t\t\t<h2 class='text-center'>Secs<\/h2>\n\t\t\t\t<p class='text-center'>Una gran varietat de productes en m\u00faltiples formats i expositors, per adaptar-nos a totes les necessitats.<\/p>\n\t\t\t\t<img src='\/wp-content\/uploads\/2016\/02\/SEKOSnew.jpg' \/>\n\t\t\t<\/div>\n\t\t<\/div><\/p>\n<p>\n\t\t<div class='c4'>\n\t\t\t<div class='product-item product-item-vertical '>\n\t\t\t\t<h2 class='text-center'>Congelats<\/h2>\n\t\t\t\t<p class='text-center'>Presentats en caixes de 250 grams a 2 quilos, amb innovadores t\u00e8cniques d\u2019envasament.<br \/>\n<\/p>\n\t\t\t\t<img src='\/wp-content\/uploads\/2016\/02\/KONGELETInew.jpg' \/>\n\t\t\t<\/div>\n\t\t<\/div><\/p>\n<p><\/div><\/div>\n<p><a href='https:\/\/www.boletspetras.com\/contacto'><div class='bp-block '><h2 class='bp-brown-header'>Contacta amb nosaltres T. +34 93 778 76 78<\/h2><img class='bp-banner' src='\/wp-content\/uploads\/2016\/07\/map.jpg' \/><\/div><\/a><!--Contacta--><\/p>\n<p><div class='bp-block '><h2>Demana\u2019ns el que necessites<\/h2><p>Ens interessa la teva opini\u00f3. I tamb\u00e9 con\u00e8ixer els teus projectes, preguntes, suggeriments i tot el que puguem compartir sobre el m\u00f3n dels bolets.<\/p><\/div><a href='https:\/\/www.boletspetras.com\/contacto'><div class='bp-block '><h2 class='bp-brown-header'>Contacta amb nosaltres T. +34 93 778 76 78<\/h2><img class='bp-banner' src='\/wp-content\/uploads\/2016\/07\/map.jpg' \/><\/div><\/a><!--Contacta--><\/p>\n<p><div class='bp-block '><h2>P\u00eddenos lo que necesitas<\/h2><p>Nos interesa conocer tu opini\u00f3n. Y tambi\u00e9n conocer tus proyectos, preguntas, sugerencias y todo lo que podamos compartir sobre el mundo de las setas.<\/p><\/div><a href='https:\/\/www.boletspetras.com\/contacto'><div class='bp-block '><h2 class='bp-brown-header'>Contacta amb nosaltres T. +34 93 778 76 78<\/h2><img class='bp-banner' src='\/wp-content\/uploads\/2016\/07\/map.jpg' \/><\/div><\/a><!--Contacta--><\/p>\n<p><div class='bp-block '><h2>Tell us what you need<\/h2><p>We are interested in knowing your opinion. And we would also like to know your projects, questions, suggestions and anything we could share about the world of mushrooms.<\/p><\/div><\/p>","protected":false},"excerpt":{"rendered":"<p>[rev_slider home_ca]<\/p>\n<p>Des de fa m\u00e9s de 50 anys, el nostre treball diari s\u00f3n els bolets. Explorem, cultivem I viatgem a la cerca de les millors varietats per tal d\u2019adaptar-nos a les exigents necessitats dels nostres clients i consumidors. Benvinguts al m\u00f3n Petr\u00e0s.<\/p>\n<p><a href='https:\/\/www.boletspetras.com\/petras-profesional'>Professional<\/a><br \/>\nVolem fer negocis amb tu<\/p>\n<p>Ens encanten els nous reptes i estem preparats per trovar les solucions que necessites pel teu negoci.<\/p>\n<p><a href='https:\/\/www.boletspetras.com\/nuestros-productos'>Productes<\/a><\/p>\n<p>Tres gammes &#8230;<\/p>\n","protected":false},"author":2,"featured_media":0,"parent":0,"menu_order":0,"comment_status":"closed","ping_status":"closed","template":"","meta":[],"_links":{"self":[{"href":"\/ca\/wp-json\/wp\/v2\/pages\/8"}],"collection":[{"href":"\/ca\/wp-json\/wp\/v2\/pages"}],"about":[{"href":"\/ca\/wp-json\/wp\/v2\/types\/page"}],"author":[{"embeddable":true,"href":"\/ca\/wp-json\/wp\/v2\/users\/2"}],"replies":[{"embeddable":true,"href":"\/ca\/wp-json\/wp\/v2\/comments?post=8"}],"version-history":[{"count":105,"href":"\/ca\/wp-json\/wp\/v2\/pages\/8\/revisions"}],"predecessor-version":[{"id":655,"href":"\/ca\/wp-json\/wp\/v2\/pages\/8\/revisions\/655"}],"wp:attachment":[{"href":"\/ca\/wp-json\/wp\/v2\/media?parent=8"}],"curies":[{"name":"wp","href":"https:\/\/api.w.org\/{rel}","templated":true}]}}