{"id":122,"date":"2015-11-15T18:47:50","date_gmt":"2015-11-15T18:47:50","guid":{"rendered":"http:\/\/boletspetras.com\/?page_id=122"},"modified":"2019-11-06T14:45:55","modified_gmt":"2019-11-06T14:45:55","slug":"nuestros-productos","status":"publish","type":"page","link":"\/en\/nuestros-productos\/","title":{"rendered":"Products"},"content":{"rendered":"<p><a href='https:\/\/www.boletspetras.com\/contacto'><div class='bp-block '><h2 class='bp-brown-header'>Contact us T. +34 93 778 76 78<\/h2><img class='bp-banner' src='\/wp-content\/uploads\/2016\/07\/map.jpg' \/><\/div><\/a><!--Contacta--><\/p>\n<p><div class='bp-block '><h2>Volem saber sobre tu<\/h2><p>Ens interessa con\u00e8ixer la teva opini\u00f3. I tamb\u00e9 con\u00e8ixer els teus projectes, preguntes, suggeriments i tot el que puguem compartir sobre el m\u00f3n dels bolets.<\/p><\/div><a href='https:\/\/www.boletspetras.com\/contacto'><div class='bp-block '><h2 class='bp-brown-header'>Contact us T. +34 93 778 76 78<\/h2><img class='bp-banner' src='\/wp-content\/uploads\/2016\/07\/map.jpg' \/><\/div><\/a><!--Contacta--><\/p>\n<p><div class='bp-block '><h2>Queremos saber de ti<\/h2><p>Nos interesa conocer tu opini\u00f3n. Y tambi\u00e9n conocer tus proyectos, preguntas, sugerencias y todo lo que podamos compartir sobre el mundo de las setas.<\/p><\/div><div class='bp-block '><p>Three ranges of mushrooms that offer a wide selection of varieties, presented and elaborated differently.<\/p><\/div><\/p>\n<div class='bp-block '><img class='bp-banner' src='\/wp-content\/uploads\/2016\/06\/setas-hd.jpg' \/><\/div><\/a>\n<div class='bp-block'><div class='row'><\/p>\n<p>\n\t\t<div class='c4'>\n\t\t\t<div class='product-item product-item-vertical '>\n\t\t\t\t<h2 class='text-center'>Fresh<\/h2>\n\t\t\t\t<p class='text-center'>We offer you the best selection of wild and cultivated mushrooms, in formats from 100 grams to 3 kilos.<\/p>\n\t\t\t\t<img src='\/wp-content\/uploads\/2016\/02\/FRESKOSnew.jpg' \/>\n\t\t\t<\/div>\n\t\t<\/div><\/p>\n<p>\n\t\t<div class='c4'>\n\t\t\t<div class='product-item product-item-vertical '>\n\t\t\t\t<h2 class='text-center'>Dry<\/h2>\n\t\t\t\t<p class='text-center'>We have a wide range of products in multiple formats and displays, in order to adapt ourselves to all needs.<\/p>\n\t\t\t\t<img src='\/wp-content\/uploads\/2016\/02\/SEKOSnew.jpg' \/>\n\t\t\t<\/div>\n\t\t<\/div><\/p>\n<p>\n\t\t<div class='c4'>\n\t\t\t<div class='product-item product-item-vertical '>\n\t\t\t\t<h2 class='text-center'>Frozen<\/h2>\n\t\t\t\t<p class='text-center'>They are presented in boxes from 250 grams to 2 kilos, with innovative packaging techniques.<br \/>\n&#160;<\/p>\n<p><\/p>\n\t\t\t\t<img src='\/wp-content\/uploads\/2016\/02\/KONGELETInew.jpg' \/>\n\t\t\t<\/div>\n\t\t<\/div><\/p>\n<p><\/div><\/div>\n<div class='bp-block'><div class='row'><div class='c8'><h2 style='font:2em \"Josefin Sans\"; text-align: left; padding-left:0;'>And remember...<\/h2><p style='text-align: left;'>We can make any project about mushrooms come true and offer you made to measure solutions.<\/p><\/div><div class='c4'><img src='\/wp-content\/uploads\/2016\/02\/recuerda-3.png' style='width:100%' \/><\/div><\/div><\/div>\n<p><a href='https:\/\/www.boletspetras.com\/contacto'><div class='bp-block '><h2 class='bp-brown-header'>Contact us T. +34 93 778 76 78<\/h2><img class='bp-banner' src='\/wp-content\/uploads\/2016\/07\/map.jpg' \/><\/div><\/a><!--Contacta--><\/p>\n<p><div class='bp-block '><h2>We want to know about you<\/h2><p>We are interested in knowing your opinion. And we would also like to know your projects, questions, suggestions and anything we could share about the world of mushrooms.<\/p><\/div><\/p>","protected":false},"excerpt":{"rendered":"<p><a href='https:\/\/www.boletspetras.com\/contacto'>Contact us T. +34 93 778 76 78<\/a><\/p>\n<p>Volem saber sobre tu<\/p>\n<p>Ens interessa con\u00e8ixer la teva opini\u00f3. I tamb\u00e9 con\u00e8ixer els teus projectes, preguntes, suggeriments i tot el que puguem compartir sobre el m\u00f3n dels bolets.<\/p>\n<p><a href='https:\/\/www.boletspetras.com\/contacto'>Contact us T. +34 93 778 76 78<\/a><\/p>\n<p>Queremos saber de ti<\/p>\n<p>Nos interesa conocer tu opini\u00f3n. Y tambi\u00e9n conocer tus proyectos, preguntas, sugerencias y todo lo que podamos compartir sobre &#8230;<\/p>\n","protected":false},"author":2,"featured_media":0,"parent":0,"menu_order":0,"comment_status":"closed","ping_status":"closed","template":"","meta":[],"_links":{"self":[{"href":"\/en\/wp-json\/wp\/v2\/pages\/122"}],"collection":[{"href":"\/en\/wp-json\/wp\/v2\/pages"}],"about":[{"href":"\/en\/wp-json\/wp\/v2\/types\/page"}],"author":[{"embeddable":true,"href":"\/en\/wp-json\/wp\/v2\/users\/2"}],"replies":[{"embeddable":true,"href":"\/en\/wp-json\/wp\/v2\/comments?post=122"}],"version-history":[{"count":37,"href":"\/en\/wp-json\/wp\/v2\/pages\/122\/revisions"}],"predecessor-version":[{"id":654,"href":"\/en\/wp-json\/wp\/v2\/pages\/122\/revisions\/654"}],"wp:attachment":[{"href":"\/en\/wp-json\/wp\/v2\/media?parent=122"}],"curies":[{"name":"wp","href":"https:\/\/api.w.org\/{rel}","templated":true}]}}