{"id":146,"date":"2015-11-15T19:56:09","date_gmt":"2015-11-15T19:56:09","guid":{"rendered":"http:\/\/boletspetras.com\/?page_id=146"},"modified":"2021-04-27T13:38:45","modified_gmt":"2021-04-27T13:38:45","slug":"petras-profesional","status":"publish","type":"page","link":"\/en\/petras-profesional\/","title":{"rendered":"Professional"},"content":{"rendered":"<p><a href='https:\/\/www.boletspetras.com\/contacto'><div class='bp-block '><h2 class='bp-brown-header'>Contact us T. +34 93 778 76 78<\/h2><img class='bp-banner' src='\/wp-content\/uploads\/2016\/07\/map.jpg' \/><\/div><\/a>\n<p><div class='bp-block '><h2>Tenim el que busques<\/h2><p>Ens interessa la teva opini\u00f3. I tamb\u00e9 con\u00e8ixer els teus projectes, preguntes, suggeriments i tot el que puguem compartir sobre el m\u00f3n dels bolets.<\/p><\/div><a href='https:\/\/www.boletspetras.com\/contacto'><div class='bp-block '><h2 class='bp-brown-header'>Contact us T. +34 93 778 76 78<\/h2><img class='bp-banner' src='\/wp-content\/uploads\/2016\/07\/map.jpg' \/><\/div><\/a>\n<p><div class='bp-block '><h2>Tenemos lo que buscas<\/h2><p>Nos interesa conocer tu opini\u00f3n. Y tambi\u00e9n conocer tus proyectos, preguntas, sugerencias y todo lo que podamos compartir sobre el mundo de las setas.<\/p><\/div><div class='row'><div class='c8'><h4 class='red' style='line-height: 1.2; margin-bottom: .5em;'>If you are the purchasing manager of a store chain or a supermarket...<\/h4><p style='font-size:1.6em !important; line-height: 1.2; text-align: left;'>In <strong>Fresh<\/strong>, <strong>Dry<\/strong> or <strong>Frozen<\/strong> mushrooms we can offer solutions and made to measure preparations to meet your needs.<\/p><\/div><div class='c4'><img style='margin-top:4em;' src='\/wp-content\/uploads\/2016\/02\/supermarket.png' \/><\/div><\/div><\/p>\n<div class='bp-block bp-img-buttons'><div class='row'><div class='c4'><img class='border' src='\/wp-content\/uploads\/2016\/06\/profesional01-480x420.jpg' \/><\/div><div class='c4'><img class='border' src=' \/wp-content\/uploads\/2016\/06\/profesional02-480x420.jpg' \/><\/div><div class='c4'><img class='border' src=' \/wp-content\/uploads\/2016\/06\/profesional03-480x420.jpg' \/><\/div><\/div><\/div>\n<div class='row'><div class='c8'><h4 class='red' style='line-height: 1.2; margin-bottom: .5em;'>If you are the purchasing agent of a distributor...<\/h4><p style='font-size:1.6em !important; line-height: 1.2; text-align: left;'>In <strong>Fresh<\/strong>, <strong>Dry<\/strong> or <strong>Frozen<\/strong> mushrooms, we produce your order and we bring it wherever you need, even with your own trademark.<\/p><\/div><div class='c4'><img style='margin-top:0;' src='\/wp-content\/uploads\/2016\/02\/mushrooms.png' \/><\/div><\/div>\n<div class='bp-block bp-img-buttons'><div class='row'><div class='c4'><img class='border' src='\/wp-content\/uploads\/2016\/06\/profesional04-480x420.jpg' \/><\/div><div class='c4'><img class='border' src=' \/wp-content\/uploads\/2016\/06\/profesional05-480x420.jpg' \/><\/div><div class='c4'><img class='border' src=' \/wp-content\/uploads\/2016\/06\/profesional06-480x420.jpg' \/><\/div><\/div><\/div>\n<div class='bp-block'><div class='row'><div class='c8'><h2 style='font:2em \"Josefin Sans\"; text-align: left; padding-left:0;'>And remember...<\/h2><p style='text-align: left;'>We can make any project about mushrooms come true and offer you to make custom solutions.<\/p><\/div><div class='c4'><img src='\/wp-content\/uploads\/2016\/02\/recuerda-2.png' style='width:100%' \/><\/div><\/div><\/div>\n<a href='https:\/\/www.boletspetras.com\/contacto'><div class='bp-block '><h2 class='bp-brown-header'>Contact us T. +34 93 778 76 78<\/h2><img class='bp-banner' src='\/wp-content\/uploads\/2016\/07\/map.jpg' \/><\/div><\/a>\n<p><div class='bp-block '><h2>We have what you are looking for<\/h2><p>We are interested in knowing your opinion. And we would also like to know your projects, questions, suggestions and anything we could share about the world of mushrooms.<\/p><\/div><\/p>","protected":false},"excerpt":{"rendered":"<p><a href='https:\/\/www.boletspetras.com\/contacto'>Contact us T. +34 93 778 76 78<\/a><\/p>\n<p>Tenim el que busques<\/p>\n<p>Ens interessa la teva opini\u00f3. I tamb\u00e9 con\u00e8ixer els teus projectes, preguntes, suggeriments i tot el que puguem compartir sobre el m\u00f3n dels bolets.<\/p>\n<p><a href='https:\/\/www.boletspetras.com\/contacto'>Contact us T. +34 93 778 76 78<\/a><\/p>\n<p>Tenemos lo que buscas<\/p>\n<p>Nos interesa conocer tu opini\u00f3n. Y tambi\u00e9n conocer tus proyectos, preguntas, sugerencias y todo lo que podamos compartir sobre el &#8230;<\/p>\n","protected":false},"author":2,"featured_media":0,"parent":0,"menu_order":0,"comment_status":"closed","ping_status":"closed","template":"","meta":[],"_links":{"self":[{"href":"\/en\/wp-json\/wp\/v2\/pages\/146"}],"collection":[{"href":"\/en\/wp-json\/wp\/v2\/pages"}],"about":[{"href":"\/en\/wp-json\/wp\/v2\/types\/page"}],"author":[{"embeddable":true,"href":"\/en\/wp-json\/wp\/v2\/users\/2"}],"replies":[{"embeddable":true,"href":"\/en\/wp-json\/wp\/v2\/comments?post=146"}],"version-history":[{"count":140,"href":"\/en\/wp-json\/wp\/v2\/pages\/146\/revisions"}],"predecessor-version":[{"id":660,"href":"\/en\/wp-json\/wp\/v2\/pages\/146\/revisions\/660"}],"wp:attachment":[{"href":"\/en\/wp-json\/wp\/v2\/media?parent=146"}],"curies":[{"name":"wp","href":"https:\/\/api.w.org\/{rel}","templated":true}]}}