{"id":63,"date":"2015-11-05T19:09:37","date_gmt":"2015-11-05T19:09:37","guid":{"rendered":"http:\/\/boletspetras.com\/?page_id=63"},"modified":"2016-08-18T22:03:01","modified_gmt":"2016-08-18T22:03:01","slug":"about-us","status":"publish","type":"page","link":"\/en\/about-us\/","title":{"rendered":"About Us"},"content":{"rendered":"<p><a href='https:\/\/www.boletspetras.com\/contacto'><div class='bp-block '><h2 class='bp-brown-header'>Contact us T. +34 93 778 76 78<\/h2><img class='bp-banner' src='\/wp-content\/uploads\/2016\/07\/map.jpg' \/><\/div><\/a><!--Contacta--><\/p>\n<p><div class='bp-block '><h2>Sabrem respondre a les teves preguntes<\/h2><p>Ens interessa con\u00e8ixer la teva opini\u00f3. I tamb\u00e9 con\u00e8ixer els teus projectes, preguntes, suggeriments i tot el que puguem compartir sobre el m\u00f3n dels bolets.<\/p><\/div><a href='https:\/\/www.boletspetras.com\/contacto'><div class='bp-block '><h2 class='bp-brown-header'>Contact us T. +34 93 778 76 78<\/h2><img class='bp-banner' src='\/wp-content\/uploads\/2016\/07\/map.jpg' \/><\/div><\/a><!--Contacta--><\/p>\n<p><div class='bp-block '><h2>Sabremos responder a tus preguntas<\/h2><p>Nos interesa conocer tu opini\u00f3n. Y tambi\u00e9n conocer tus proyectos, preguntas, sugerencias y todo lo que podamos compartir sobre el mundo de las setas.<\/p><\/div><div class='bp-block '><p>We work in the world of mushrooms with the energy and the effort of a valuable team and with a very simple philosophy: to maintain the highest quality of Petr\u00e0s products and to achieve our customers\u2019 satisfaction.<\/p><\/div><\/p>\n<div class='bp-block '><img class='bp-banner' src='\/wp-content\/uploads\/2016\/06\/ABOUT_2_cr.jpg' \/><\/div><\/a>\n<div class='bp-block'><div class='row'><div class='c9'><h2 style='font:2em \"Josefin Sans\"; text-align: left; padding-left:0;'>And remember...<\/h2><p style='text-align: left;'>We can make any project about mushrooms come true and offer you made to measure solutions.<\/p><\/div><div class='c3'><img src='\/wp-content\/uploads\/2016\/01\/recuerda-que.png' style='width:100%' \/><\/div><\/div><\/div>\n<p><a href='https:\/\/www.boletspetras.com\/contacto'><div class='bp-block '><h2 class='bp-brown-header'>Contact us T. +34 93 778 76 78<\/h2><img class='bp-banner' src='\/wp-content\/uploads\/2016\/07\/map.jpg' \/><\/div><\/a><!--Contacta--><\/p>\n<p><div class='bp-block '><h2>We will be able to answer your questions<\/h2><p>We are interested in knowing your opinion. And we would also like to know your projects, questions, suggestions and anything we could share about the world of mushrooms.<\/p><\/div><\/p>","protected":false},"excerpt":{"rendered":"<p><a href='https:\/\/www.boletspetras.com\/contacto'>Contact us T. +34 93 778 76 78<\/a><\/p>\n<p>Sabrem respondre a les teves preguntes<\/p>\n<p>Ens interessa con\u00e8ixer la teva opini\u00f3. I tamb\u00e9 con\u00e8ixer els teus projectes, preguntes, suggeriments i tot el que puguem compartir sobre el m\u00f3n dels bolets.<\/p>\n<p><a href='https:\/\/www.boletspetras.com\/contacto'>Contact us T. +34 93 778 76 78<\/a><\/p>\n<p>Sabremos responder a tus preguntas<\/p>\n<p>Nos interesa conocer tu opini\u00f3n. Y tambi\u00e9n conocer tus proyectos, preguntas, sugerencias y todo lo que &#8230;<\/p>\n","protected":false},"author":2,"featured_media":0,"parent":0,"menu_order":0,"comment_status":"closed","ping_status":"closed","template":"","meta":[],"_links":{"self":[{"href":"\/en\/wp-json\/wp\/v2\/pages\/63"}],"collection":[{"href":"\/en\/wp-json\/wp\/v2\/pages"}],"about":[{"href":"\/en\/wp-json\/wp\/v2\/types\/page"}],"author":[{"embeddable":true,"href":"\/en\/wp-json\/wp\/v2\/users\/2"}],"replies":[{"embeddable":true,"href":"\/en\/wp-json\/wp\/v2\/comments?post=63"}],"version-history":[{"count":56,"href":"\/en\/wp-json\/wp\/v2\/pages\/63\/revisions"}],"predecessor-version":[{"id":650,"href":"\/en\/wp-json\/wp\/v2\/pages\/63\/revisions\/650"}],"wp:attachment":[{"href":"\/en\/wp-json\/wp\/v2\/media?parent=63"}],"curies":[{"name":"wp","href":"https:\/\/api.w.org\/{rel}","templated":true}]}}