{"id":8,"date":"2015-10-28T12:13:21","date_gmt":"2015-10-28T12:13:21","guid":{"rendered":"http:\/\/boletspetras.com\/?page_id=8"},"modified":"2019-11-06T14:50:06","modified_gmt":"2019-11-06T14:50:06","slug":"home","status":"publish","type":"page","link":"\/en\/","title":{"rendered":"Welcome a Petr\u00e0s"},"content":{"rendered":"<p><a href='https:\/\/www.boletspetras.com\/contacto'><div class='bp-block '><h2 class='bp-brown-header'>Contact us T. +34 93 778 76 78<\/h2><img class='bp-banner' src='\/wp-content\/uploads\/2016\/07\/map.jpg' \/><\/div><\/a><!--Contacta--><\/p>\n<p><div class='bp-block '><h2>Demana\u2019ns el que necessites<\/h2><p>Ens interessa la teva opini\u00f3. I tamb\u00e9 con\u00e8ixer els teus projectes, preguntes, suggeriments i tot el que puguem compartir sobre el m\u00f3n dels bolets.<\/p><\/div><a href='https:\/\/www.boletspetras.com\/contacto'><div class='bp-block '><h2 class='bp-brown-header'>Contact us T. +34 93 778 76 78<\/h2><img class='bp-banner' src='\/wp-content\/uploads\/2016\/07\/map.jpg' \/><\/div><\/a><!--Contacta--><\/p>\n<p><div class='bp-block '><h2>P\u00eddenos lo que necesitas<\/h2><p>Nos interesa conocer tu opini\u00f3n. Y tambi\u00e9n conocer tus proyectos, preguntas, sugerencias y todo lo que podamos compartir sobre el mundo de las setas.<\/p><\/div>[rev_slider home_en]<\/p>\n<div class='bp-block margin-top'><p>Mushrooms have been our daily work for more than 50 years. We explore, grow, and travel looking for the best varieties in order to adapt ourselves to the demanding needs of our clients and consumers. Welcome to Petr\u00e0s world.<\/p><\/div>\n<a href='https:\/\/www.boletspetras.com\/petras-profesional'><div class='bp-block '><h2 class='bp-brown-header'>Professional<\/h2><img class='bp-banner' src='\/wp-content\/uploads\/2016\/05\/ESTRECHAR_77.jpg' \/><\/div><\/a>\n<div class='bp-block '><h2>We want to do business with you<\/h2><p>We love new challenges and we are ready to find the solution you need for your business.<\/p><\/div>\n<a href='https:\/\/www.boletspetras.com\/nuestros-productos'><div class='bp-block '><h2 class='bp-brown-header'>Products<\/h2><img class='bp-banner' src='\/wp-content\/uploads\/2016\/06\/setas-hd.jpg' \/><\/div><\/a>\n<div class='bp-block '><p>Three ranges of mushrooms that offer a wide selection of varieties, presented and elaborated differently.<\/p><\/div>\n<div class='bp-block'><div class='row'><\/p>\n<p>\n\t\t<div class='c4'>\n\t\t\t<div class='product-item product-item-vertical '>\n\t\t\t\t<h2 class='text-center'>Fresh<\/h2>\n\t\t\t\t<p class='text-center'>We offer you the best selection of wild and cultivated mushrooms, in formats from 100 grams to 3 kilos.<\/p>\n\t\t\t\t<img src='\/wp-content\/uploads\/2016\/02\/FRESKOSnew.jpg' \/>\n\t\t\t<\/div>\n\t\t<\/div><\/p>\n<p>\n\t\t<div class='c4'>\n\t\t\t<div class='product-item product-item-vertical '>\n\t\t\t\t<h2 class='text-center'>Dry<\/h2>\n\t\t\t\t<p class='text-center'>We have a wide range of products in multiple formats and displays, in order to adapt ourselves to all needs.<\/p>\n\t\t\t\t<img src='\/wp-content\/uploads\/2016\/02\/SEKOSnew.jpg' \/>\n\t\t\t<\/div>\n\t\t<\/div><\/p>\n<p>\n\t\t<div class='c4'>\n\t\t\t<div class='product-item product-item-vertical '>\n\t\t\t\t<h2 class='text-center'>Frozen<\/h2>\n\t\t\t\t<p class='text-center'>They are presented in boxes from 250 grams to 2 kilos, with innovative packaging techniques.<br \/>\n&#160;<\/p>\n<p><\/p>\n\t\t\t\t<img src='\/wp-content\/uploads\/2016\/02\/KONGELETInew.jpg' \/>\n\t\t\t<\/div>\n\t\t<\/div><\/p>\n<p><\/div><\/div>\n<p><a href='https:\/\/www.boletspetras.com\/contacto'><div class='bp-block '><h2 class='bp-brown-header'>Contact us T. +34 93 778 76 78<\/h2><img class='bp-banner' src='\/wp-content\/uploads\/2016\/07\/map.jpg' \/><\/div><\/a><!--Contacta--><\/p>\n<p><div class='bp-block '><h2>Tell us what you need<\/h2><p>We are interested in knowing your opinion. And we would also like to know your projects, questions, suggestions and anything we could share about the world of mushrooms.<\/p><\/div><\/p>","protected":false},"excerpt":{"rendered":"<p><a href='https:\/\/www.boletspetras.com\/contacto'>Contact us T. +34 93 778 76 78<\/a><\/p>\n<p>Demana\u2019ns el que necessites<\/p>\n<p>Ens interessa la teva opini\u00f3. I tamb\u00e9 con\u00e8ixer els teus projectes, preguntes, suggeriments i tot el que puguem compartir sobre el m\u00f3n dels bolets.<\/p>\n<p><a href='https:\/\/www.boletspetras.com\/contacto'>Contact us T. +34 93 778 76 78<\/a><\/p>\n<p>P\u00eddenos lo que necesitas<\/p>\n<p>Nos interesa conocer tu opini\u00f3n. Y tambi\u00e9n conocer tus proyectos, preguntas, sugerencias y todo lo que podamos compartir sobre el &#8230;<\/p>\n","protected":false},"author":2,"featured_media":0,"parent":0,"menu_order":0,"comment_status":"closed","ping_status":"closed","template":"","meta":[],"_links":{"self":[{"href":"\/en\/wp-json\/wp\/v2\/pages\/8"}],"collection":[{"href":"\/en\/wp-json\/wp\/v2\/pages"}],"about":[{"href":"\/en\/wp-json\/wp\/v2\/types\/page"}],"author":[{"embeddable":true,"href":"\/en\/wp-json\/wp\/v2\/users\/2"}],"replies":[{"embeddable":true,"href":"\/en\/wp-json\/wp\/v2\/comments?post=8"}],"version-history":[{"count":105,"href":"\/en\/wp-json\/wp\/v2\/pages\/8\/revisions"}],"predecessor-version":[{"id":655,"href":"\/en\/wp-json\/wp\/v2\/pages\/8\/revisions\/655"}],"wp:attachment":[{"href":"\/en\/wp-json\/wp\/v2\/media?parent=8"}],"curies":[{"name":"wp","href":"https:\/\/api.w.org\/{rel}","templated":true}]}}