{"id":8,"date":"2015-10-28T12:13:21","date_gmt":"2015-10-28T12:13:21","guid":{"rendered":"http:\/\/boletspetras.com\/?page_id=8"},"modified":"2019-11-06T14:50:06","modified_gmt":"2019-11-06T14:50:06","slug":"home","status":"publish","type":"page","link":"\/es\/","title":{"rendered":"Welcome a Petr\u00e0s"},"content":{"rendered":"<p><a href='https:\/\/www.boletspetras.com\/contacto'><div class='bp-block '><h2 class='bp-brown-header'>Contacta con nosotros T. +34 93 778 76 78<\/h2><img class='bp-banner' src='\/wp-content\/uploads\/2016\/07\/map.jpg' \/><\/div><\/a><!--Contacta--><\/p>\n<p><div class='bp-block '><h2>Demana\u2019ns el que necessites<\/h2><p>Ens interessa la teva opini\u00f3. I tamb\u00e9 con\u00e8ixer els teus projectes, preguntes, suggeriments i tot el que puguem compartir sobre el m\u00f3n dels bolets.<\/p><\/div>[rev_slider home_es]<\/p>\n<div class='bp-block margin-top'><p>Desde hace m\u00e1s de 50 a\u00f1os, nuestro trabajo diario son las setas. Exploramos, cultivamos y viajamos en b\u00fasqueda de las mejores variedades para adaptarnos a las exigentes necesidades de nuestros clientes y consumidores. Bienvenidos al mundo Petr\u00e0s.<\/p><\/div>\n<a href='https:\/\/www.boletspetras.com\/petras-profesional'><div class='bp-block '><h2 class='bp-brown-header'>Profesional<\/h2><img class='bp-banner' src='\/wp-content\/uploads\/2016\/05\/ESTRECHAR_77.jpg' \/><\/div><\/a>\n<div class='bp-block '><h2>Queremos hacer negocios contigo<\/h2><p>Nos encantan los nuevos desaf\u00edos y estamos preparados para encontrar las soluciones que necesitas para tu negocio.<\/p><\/div>\n<a href='https:\/\/www.boletspetras.com\/nuestros-productos'><div class='bp-block '><h2 class='bp-brown-header'>Productos<\/h2><img class='bp-banner' src='\/wp-content\/uploads\/2016\/06\/setas-hd.jpg' \/><\/div><\/a>\n<div class='bp-block '><p>Tres gamas de setas que ofrecen un gran surtido de variedades en presentaciones y elaboraciones diferentes, con toda la garant\u00eda Petr\u00e0s.<\/p><\/div>\n<div class='bp-block'><div class='row'><\/p>\n<p>\n\t\t<div class='c4'>\n\t\t\t<div class='product-item product-item-vertical '>\n\t\t\t\t<h2 class='text-center'>Frescas<\/h2>\n\t\t\t\t<p class='text-center'>En formatos que van de los 100 gramos a los 3 kilos, les ofrecemos la mejor selecci\u00f3n de setas salvajes y cultivadas.<\/p>\n\t\t\t\t<img src='\/wp-content\/uploads\/2016\/02\/FRESKOSnew.jpg' \/>\n\t\t\t<\/div>\n\t\t<\/div><\/p>\n<p>\n\t\t<div class='c4'>\n\t\t\t<div class='product-item product-item-vertical '>\n\t\t\t\t<h2 class='text-center'>Secas<\/h2>\n\t\t\t\t<p class='text-center'>Una gran variedad de productos en m\u00faltiples formatos y expositores, para adaptarnos a todas las necesidades.<\/p>\n\t\t\t\t<img src='\/wp-content\/uploads\/2016\/02\/SEKOSnew.jpg' \/>\n\t\t\t<\/div>\n\t\t<\/div><\/p>\n<p>\n\t\t<div class='c4'>\n\t\t\t<div class='product-item product-item-vertical '>\n\t\t\t\t<h2 class='text-center'>Congeladas<\/h2>\n\t\t\t\t<p class='text-center'>Presentadas en cajas de 250 gramos a 2 kilos, con innovadoras t\u00e9cnicas de envasado.<br \/>\n&#160;<\/p>\n<p><\/p>\n\t\t\t\t<img src='\/wp-content\/uploads\/2016\/02\/KONGELETInew.jpg' \/>\n\t\t\t<\/div>\n\t\t<\/div><\/p>\n<p><\/div><\/div>\n<p><a href='https:\/\/www.boletspetras.com\/contacto'><div class='bp-block '><h2 class='bp-brown-header'>Contacta con nosotros T. +34 93 778 76 78<\/h2><img class='bp-banner' src='\/wp-content\/uploads\/2016\/07\/map.jpg' \/><\/div><\/a><!--Contacta--><\/p>\n<p><div class='bp-block '><h2>P\u00eddenos lo que necesitas<\/h2><p>Nos interesa conocer tu opini\u00f3n. Y tambi\u00e9n conocer tus proyectos, preguntas, sugerencias y todo lo que podamos compartir sobre el mundo de las setas.<\/p><\/div><a href='https:\/\/www.boletspetras.com\/contacto'><div class='bp-block '><h2 class='bp-brown-header'>Contacta con nosotros T. +34 93 778 76 78<\/h2><img class='bp-banner' src='\/wp-content\/uploads\/2016\/07\/map.jpg' \/><\/div><\/a><!--Contacta--><\/p>\n<p><div class='bp-block '><h2>Tell us what you need<\/h2><p>We are interested in knowing your opinion. And we would also like to know your projects, questions, suggestions and anything we could share about the world of mushrooms.<\/p><\/div><\/p>","protected":false},"excerpt":{"rendered":"<p><a href='https:\/\/www.boletspetras.com\/contacto'>Contacta con nosotros T. +34 93 778 76 78<\/a><\/p>\n<p>Demana\u2019ns el que necessites<\/p>\n<p>Ens interessa la teva opini\u00f3. I tamb\u00e9 con\u00e8ixer els teus projectes, preguntes, suggeriments i tot el que puguem compartir sobre el m\u00f3n dels bolets.<\/p>\n<p>[rev_slider home_es]<\/p>\n<p>Desde hace m\u00e1s de 50 a\u00f1os, nuestro trabajo diario son las setas. Exploramos, cultivamos y viajamos en b\u00fasqueda de las mejores variedades para adaptarnos a las exigentes necesidades de &#8230;<\/p>\n","protected":false},"author":2,"featured_media":0,"parent":0,"menu_order":0,"comment_status":"closed","ping_status":"closed","template":"","meta":[],"_links":{"self":[{"href":"\/es\/wp-json\/wp\/v2\/pages\/8"}],"collection":[{"href":"\/es\/wp-json\/wp\/v2\/pages"}],"about":[{"href":"\/es\/wp-json\/wp\/v2\/types\/page"}],"author":[{"embeddable":true,"href":"\/es\/wp-json\/wp\/v2\/users\/2"}],"replies":[{"embeddable":true,"href":"\/es\/wp-json\/wp\/v2\/comments?post=8"}],"version-history":[{"count":105,"href":"\/es\/wp-json\/wp\/v2\/pages\/8\/revisions"}],"predecessor-version":[{"id":655,"href":"\/es\/wp-json\/wp\/v2\/pages\/8\/revisions\/655"}],"wp:attachment":[{"href":"\/es\/wp-json\/wp\/v2\/media?parent=8"}],"curies":[{"name":"wp","href":"https:\/\/api.w.org\/{rel}","templated":true}]}}